{"id":1385,"date":"2025-07-03T08:23:04","date_gmt":"2025-07-03T08:23:04","guid":{"rendered":"https:\/\/seolab.digital\/politica-de-cookies\/"},"modified":"2026-01-29T10:43:38","modified_gmt":"2026-01-29T10:43:38","slug":"politica-de-cookies","status":"publish","type":"page","link":"https:\/\/seolab.digital\/en\/politica-de-cookies\/","title":{"rendered":"Cookie policy"},"content":{"rendered":"\n<section class=\"relative isolate py-5 md:py-5 lg:py-5 mt-[30px] lg:mt-[30px] mb-8 md:mb-12 lg:mb-10    flex flex-col items-center justify-center     max-w-3xl mx-auto px-6 lg:px-8 \n    rounded-3xl\" \n    >\n\n        <div class=\"relative w-full h-fit rounded-3xl overflow-hidden\">\n        \n            \n            <div class=\"relative z-10 w-full h-full\">\n                <!-- Main container with conditional max width -->\n                <div class=\"max-w-2xl mx-auto h-full\">\n                    <!-- Content container with alignment -->\n                    <div class=\"max-w-8xl mx-auto px-6 lg:px-8 h-full flex items-center justify-center\">\n                        <!-- Content wrapper -->\n                        <div class=\"max-w-3xl text-center mb-2 \">\n                            \n                                                            <h1 class=\"text-heading text-heading\">\n                                    Cookie policy                                <\/h1>\n                            \n                            \n                                                    <\/div>\n                    <\/div>\n                <\/div>\n            <\/div>\n        <\/div>\n        \n<\/section> \n\n\n\n<section class=\"free-text relative overflow-hidden mt-8 md:mt-12 lg:mt-10 mb-8 md:mb-12 lg:mb-10 max-w-8xl mx-auto\" \n    >\n        <div class=\"px-6 lg:px-8\">\n            <div class=\"max-w-7xl mx-auto\"> Last update: July 17, 2025<br \/>\r\nSEOLab.digital uses its own and third-party cookies to improve the user experience on our website, analyze traffic, and optimize our services.<br \/>\r\n<br \/>\r\n<h2>What are cookies?<\/h2><br \/>\r\nCookies are small text files that are stored in your browser when you visit a website. They facilitate navigation and allow the site to remember preferences and usage habits.<\/div>\n        <\/div>\n<\/section>\n\n\n\n<section class=\"free-text relative overflow-hidden mt-8 md:mt-12 lg:mt-10 mb-8 md:mb-12 lg:mb-10 max-w-8xl mx-auto\" \n    >\n        <div class=\"px-6 lg:px-8\">\n            <div class=\"max-w-7xl mx-auto\"> <h2>Use of cookies:<\/h2><br \/>\r\n<ul><br \/>\r\n<li>Improve the functionality and performance of the site. <\/li><br \/>\r\n<li>Perform statistical analysis and identify general usage patterns. <\/li><br \/>\r\n<li>Offer personalized content. <\/li><\/ul><\/div>\n        <\/div>\n<\/section>\n\n\n\n<section class=\"free-text relative overflow-hidden mt-8 md:mt-12 lg:mt-10 mb-8 md:mb-12 lg:mb-10 max-w-8xl mx-auto\" \n    >\n        <div class=\"px-6 lg:px-8\">\n            <div class=\"max-w-7xl mx-auto\"> <h2>Consent:<\/h2><br \/>\r\nBy continuing to browse SEOLab.digital, you agree to the use of cookies. You can manage, restrict, or delete cookies from your browser settings at any time.<\/div>\n        <\/div>\n<\/section>\n\n\n\n<section class=\"free-text relative overflow-hidden mt-8 md:mt-12 lg:mt-10 mb-8 md:mb-12 lg:mb-10 max-w-8xl mx-auto\" \n    >\n        <div class=\"px-6 lg:px-8\">\n            <div class=\"max-w-7xl mx-auto\"> Changes to the Cookie Policy:<br \/>\r\nWe reserve the right to update this Cookie Policy periodically, publishing any changes in this section.<br \/>\r\n<br \/>\r\nFor more information or questions about this policy, you can contact us at contact@seolab.digital.<br \/>\r\n<br \/>\r\nThank you for visiting SEOLab.digital.<br \/>\r\n<br \/>\r\n<br \/>\r\n<br \/>\r\n<\/div>\n        <\/div>\n<\/section>\n","protected":false},"excerpt":{"rendered":"","protected":false},"author":1,"featured_media":0,"parent":0,"menu_order":33,"comment_status":"closed","ping_status":"closed","template":"","meta":{"footnotes":""},"class_list":["post-1385","page","type-page","status-publish","hentry"],"acf":[],"yoast_head":"<!-- This site is optimized with the Yoast SEO plugin v25.4 - https:\/\/yoast.com\/wordpress\/plugins\/seo\/ -->\n<title>Pol\u00edtica de Cookies - SEO Lab<\/title>\n<meta name=\"description\" content=\"Conoce c\u00f3mo SEO Lab utiliza cookies para mejorar tu experiencia. Informaci\u00f3n sobre tipos de cookies, consentimiento y gesti\u00f3n.\" \/>\n<meta name=\"robots\" content=\"index, follow, max-snippet:-1, max-image-preview:large, max-video-preview:-1\" \/>\n<link rel=\"canonical\" href=\"https:\/\/seolab.digital\/en\/politica-de-cookies\/\" \/>\n<meta property=\"og:locale\" content=\"en_US\" \/>\n<meta property=\"og:type\" content=\"article\" \/>\n<meta property=\"og:title\" content=\"Pol\u00edtica de Cookies - SEO Lab\" \/>\n<meta property=\"og:description\" content=\"Conoce c\u00f3mo SEO Lab utiliza cookies para mejorar tu experiencia. Informaci\u00f3n sobre tipos de cookies, consentimiento y gesti\u00f3n.\" \/>\n<meta property=\"og:url\" content=\"https:\/\/seolab.digital\/en\/politica-de-cookies\/\" \/>\n<meta property=\"og:site_name\" content=\"SEO Lab\" \/>\n<meta property=\"article:modified_time\" content=\"2026-01-29T10:43:38+00:00\" \/>\n<meta name=\"twitter:card\" content=\"summary_large_image\" \/>\n<meta name=\"twitter:label1\" content=\"Est. reading time\" \/>\n\t<meta name=\"twitter:data1\" content=\"1 minute\" \/>\n<script type=\"application\/ld+json\" class=\"yoast-schema-graph\">{\"@context\":\"https:\/\/schema.org\",\"@graph\":[{\"@type\":\"WebPage\",\"@id\":\"https:\/\/seolab.digital\/en\/politica-de-cookies\/\",\"url\":\"https:\/\/seolab.digital\/en\/politica-de-cookies\/\",\"name\":\"Pol\u00edtica de Cookies - SEO Lab\",\"isPartOf\":{\"@id\":\"https:\/\/seolab.digital\/#website\"},\"datePublished\":\"2025-07-03T08:23:04+00:00\",\"dateModified\":\"2026-01-29T10:43:38+00:00\",\"description\":\"Conoce c\u00f3mo SEO Lab utiliza cookies para mejorar tu experiencia. Informaci\u00f3n sobre tipos de cookies, consentimiento y gesti\u00f3n.\",\"breadcrumb\":{\"@id\":\"https:\/\/seolab.digital\/en\/politica-de-cookies\/#breadcrumb\"},\"inLanguage\":\"en-US\",\"potentialAction\":[{\"@type\":\"ReadAction\",\"target\":[\"https:\/\/seolab.digital\/en\/politica-de-cookies\/\"]}]},{\"@type\":\"BreadcrumbList\",\"@id\":\"https:\/\/seolab.digital\/en\/politica-de-cookies\/#breadcrumb\",\"itemListElement\":[{\"@type\":\"ListItem\",\"position\":1,\"name\":\"Home\",\"item\":\"https:\/\/seolab.digital\/en\/\"},{\"@type\":\"ListItem\",\"position\":2,\"name\":\"Cookie policy\"}]},{\"@type\":\"WebSite\",\"@id\":\"https:\/\/seolab.digital\/#website\",\"url\":\"https:\/\/seolab.digital\/\",\"name\":\"SEO Lab\",\"description\":\"\",\"potentialAction\":[{\"@type\":\"SearchAction\",\"target\":{\"@type\":\"EntryPoint\",\"urlTemplate\":\"https:\/\/seolab.digital\/?s={search_term_string}\"},\"query-input\":{\"@type\":\"PropertyValueSpecification\",\"valueRequired\":true,\"valueName\":\"search_term_string\"}}],\"inLanguage\":\"en-US\"}]}<\/script>\n<!-- \/ Yoast SEO plugin. -->","yoast_head_json":{"title":"Pol\u00edtica de Cookies - SEO Lab","description":"Conoce c\u00f3mo SEO Lab utiliza cookies para mejorar tu experiencia. Informaci\u00f3n sobre tipos de cookies, consentimiento y gesti\u00f3n.","robots":{"index":"index","follow":"follow","max-snippet":"max-snippet:-1","max-image-preview":"max-image-preview:large","max-video-preview":"max-video-preview:-1"},"canonical":"https:\/\/seolab.digital\/en\/politica-de-cookies\/","og_locale":"en_US","og_type":"article","og_title":"Pol\u00edtica de Cookies - SEO Lab","og_description":"Conoce c\u00f3mo SEO Lab utiliza cookies para mejorar tu experiencia. Informaci\u00f3n sobre tipos de cookies, consentimiento y gesti\u00f3n.","og_url":"https:\/\/seolab.digital\/en\/politica-de-cookies\/","og_site_name":"SEO Lab","article_modified_time":"2026-01-29T10:43:38+00:00","twitter_card":"summary_large_image","twitter_misc":{"Est. reading time":"1 minute"},"schema":{"@context":"https:\/\/schema.org","@graph":[{"@type":"WebPage","@id":"https:\/\/seolab.digital\/en\/politica-de-cookies\/","url":"https:\/\/seolab.digital\/en\/politica-de-cookies\/","name":"Pol\u00edtica de Cookies - SEO Lab","isPartOf":{"@id":"https:\/\/seolab.digital\/#website"},"datePublished":"2025-07-03T08:23:04+00:00","dateModified":"2026-01-29T10:43:38+00:00","description":"Conoce c\u00f3mo SEO Lab utiliza cookies para mejorar tu experiencia. Informaci\u00f3n sobre tipos de cookies, consentimiento y gesti\u00f3n.","breadcrumb":{"@id":"https:\/\/seolab.digital\/en\/politica-de-cookies\/#breadcrumb"},"inLanguage":"en-US","potentialAction":[{"@type":"ReadAction","target":["https:\/\/seolab.digital\/en\/politica-de-cookies\/"]}]},{"@type":"BreadcrumbList","@id":"https:\/\/seolab.digital\/en\/politica-de-cookies\/#breadcrumb","itemListElement":[{"@type":"ListItem","position":1,"name":"Home","item":"https:\/\/seolab.digital\/en\/"},{"@type":"ListItem","position":2,"name":"Cookie policy"}]},{"@type":"WebSite","@id":"https:\/\/seolab.digital\/#website","url":"https:\/\/seolab.digital\/","name":"SEO Lab","description":"","potentialAction":[{"@type":"SearchAction","target":{"@type":"EntryPoint","urlTemplate":"https:\/\/seolab.digital\/?s={search_term_string}"},"query-input":{"@type":"PropertyValueSpecification","valueRequired":true,"valueName":"search_term_string"}}],"inLanguage":"en-US"}]}},"_links":{"self":[{"href":"https:\/\/seolab.digital\/en\/wp-json\/wp\/v2\/pages\/1385","targetHints":{"allow":["GET"]}}],"collection":[{"href":"https:\/\/seolab.digital\/en\/wp-json\/wp\/v2\/pages"}],"about":[{"href":"https:\/\/seolab.digital\/en\/wp-json\/wp\/v2\/types\/page"}],"author":[{"embeddable":true,"href":"https:\/\/seolab.digital\/en\/wp-json\/wp\/v2\/users\/1"}],"replies":[{"embeddable":true,"href":"https:\/\/seolab.digital\/en\/wp-json\/wp\/v2\/comments?post=1385"}],"version-history":[{"count":2,"href":"https:\/\/seolab.digital\/en\/wp-json\/wp\/v2\/pages\/1385\/revisions"}],"predecessor-version":[{"id":1388,"href":"https:\/\/seolab.digital\/en\/wp-json\/wp\/v2\/pages\/1385\/revisions\/1388"}],"wp:attachment":[{"href":"https:\/\/seolab.digital\/en\/wp-json\/wp\/v2\/media?parent=1385"}],"curies":[{"name":"wp","href":"https:\/\/api.w.org\/{rel}","templated":true}]}}