{"id":1381,"date":"2025-07-03T08:22:28","date_gmt":"2025-07-03T08:22:28","guid":{"rendered":"https:\/\/seolab.digital\/terminos-y-condiciones\/"},"modified":"2026-01-29T10:42:25","modified_gmt":"2026-01-29T10:42:25","slug":"terms-and-conditions","status":"publish","type":"page","link":"https:\/\/seolab.digital\/en\/terms-and-conditions\/","title":{"rendered":"Terms and conditions"},"content":{"rendered":"\n<section class=\"relative isolate py-5 md:py-5 lg:py-5 mt-[30px] lg:mt-[30px] mb-8 md:mb-12 lg:mb-10    flex flex-col items-center justify-center     max-w-3xl mx-auto px-6 lg:px-8 \n    rounded-3xl\" \n    >\n\n        <div class=\"relative w-full h-fit rounded-3xl overflow-hidden\">\n        \n            \n            <div class=\"relative z-10 w-full h-full\">\n                <!-- Main container with conditional max width -->\n                <div class=\"max-w-2xl mx-auto h-full\">\n                    <!-- Content container with alignment -->\n                    <div class=\"max-w-8xl mx-auto px-6 lg:px-8 h-full flex items-center justify-center\">\n                        <!-- Content wrapper -->\n                        <div class=\"max-w-3xl text-center mb-2 \">\n                            \n                                                            <h1 class=\"text-heading text-heading\">\n                                    Terms and conditions                                <\/h1>\n                            \n                            \n                                                    <\/div>\n                    <\/div>\n                <\/div>\n            <\/div>\n        <\/div>\n        \n<\/section> \n\n\n\n<section class=\"free-text relative overflow-hidden mt-8 md:mt-12 lg:mt-10 mb-8 md:mb-12 lg:mb-10 max-w-8xl mx-auto\" \n    >\n        <div class=\"px-6 lg:px-8\">\n            <div class=\"max-w-7xl mx-auto\"> Welcome to SEO Lab, the laboratory for generative engine optimization solutions. Here we combine strategy, automation, and artificial intelligence to help you position your brand in a rapidly evolving digital environment. <br \/>\r\n<br \/>\r\n<h2>1. Acceptance of Terms<\/h2> <br \/>\r\nBy accessing or using the SEO Lab website (the \u201cSite\u201d) and its services, you agree to these Terms of Service. If you do not agree to them, please do not use our services. <br \/>\r\n<br \/>\r\n<h2>2. Privacy and Security<\/h2> <br \/>\r\nWe prioritize the protection of your data and confidentiality. All information shared on the platform is stored securely on Swiss servers, complying with the highest privacy standards and applicable regulations. <br \/>\r\n<br \/>\r\n<h2>3. User Responsibilities<\/h2> <br \/>\r\nUsers are responsible for maintaining the security of their accounts, including passwords and any activity performed on them. Any unauthorized use must be reported immediately to SEO Lab.<br \/>\r\n<br \/>\r\n<h2>4. Intellectual property<\/h2><br \/>\r\nAll content, designs, trademarks, and materials on the Site are the property of SEO Lab and are protected by intellectual property laws. Users must not use, copy, or distribute any content without prior written permission.<br \/>\r\n<br \/>\r\n<h2>5. Limitation of Liability<\/h2><br \/>\r\nSEO Lab strives to provide accurate and reliable services; however, it does not guarantee the integrity, accuracy, or availability of the information provided.<\/div>\n        <\/div>\n<\/section>\n","protected":false},"excerpt":{"rendered":"","protected":false},"author":1,"featured_media":0,"parent":0,"menu_order":31,"comment_status":"closed","ping_status":"closed","template":"","meta":{"footnotes":""},"class_list":["post-1381","page","type-page","status-publish","hentry"],"acf":[],"yoast_head":"<!-- This site is optimized with the Yoast SEO plugin v25.4 - https:\/\/yoast.com\/wordpress\/plugins\/seo\/ -->\n<title>T\u00e9rminos y Condiciones - SEO Lab | Condiciones de Servicio<\/title>\n<meta name=\"description\" content=\"Lee los t\u00e9rminos y condiciones de uso de SEO Lab. Pol\u00edticas de privacidad, propiedad intelectual, responsabilidades y legislaci\u00f3n aplicable.\" \/>\n<meta name=\"robots\" content=\"index, follow, max-snippet:-1, max-image-preview:large, max-video-preview:-1\" \/>\n<link rel=\"canonical\" href=\"https:\/\/seolab.digital\/en\/terms-and-conditions\/\" \/>\n<meta property=\"og:locale\" content=\"en_US\" \/>\n<meta property=\"og:type\" content=\"article\" \/>\n<meta property=\"og:title\" content=\"T\u00e9rminos y Condiciones - SEO Lab | Condiciones de Servicio\" \/>\n<meta property=\"og:description\" content=\"Lee los t\u00e9rminos y condiciones de uso de SEO Lab. Pol\u00edticas de privacidad, propiedad intelectual, responsabilidades y legislaci\u00f3n aplicable.\" \/>\n<meta property=\"og:url\" content=\"https:\/\/seolab.digital\/en\/terms-and-conditions\/\" \/>\n<meta property=\"og:site_name\" content=\"SEO Lab\" \/>\n<meta property=\"article:modified_time\" content=\"2026-01-29T10:42:25+00:00\" \/>\n<meta name=\"twitter:card\" content=\"summary_large_image\" \/>\n<meta name=\"twitter:label1\" content=\"Est. reading time\" \/>\n\t<meta name=\"twitter:data1\" content=\"1 minute\" \/>\n<script type=\"application\/ld+json\" class=\"yoast-schema-graph\">{\"@context\":\"https:\/\/schema.org\",\"@graph\":[{\"@type\":\"WebPage\",\"@id\":\"https:\/\/seolab.digital\/en\/terms-and-conditions\/\",\"url\":\"https:\/\/seolab.digital\/en\/terms-and-conditions\/\",\"name\":\"T\u00e9rminos y Condiciones - SEO Lab | Condiciones de Servicio\",\"isPartOf\":{\"@id\":\"https:\/\/seolab.digital\/#website\"},\"datePublished\":\"2025-07-03T08:22:28+00:00\",\"dateModified\":\"2026-01-29T10:42:25+00:00\",\"description\":\"Lee los t\u00e9rminos y condiciones de uso de SEO Lab. Pol\u00edticas de privacidad, propiedad intelectual, responsabilidades y legislaci\u00f3n aplicable.\",\"breadcrumb\":{\"@id\":\"https:\/\/seolab.digital\/en\/terms-and-conditions\/#breadcrumb\"},\"inLanguage\":\"en-US\",\"potentialAction\":[{\"@type\":\"ReadAction\",\"target\":[\"https:\/\/seolab.digital\/en\/terms-and-conditions\/\"]}]},{\"@type\":\"BreadcrumbList\",\"@id\":\"https:\/\/seolab.digital\/en\/terms-and-conditions\/#breadcrumb\",\"itemListElement\":[{\"@type\":\"ListItem\",\"position\":1,\"name\":\"Home\",\"item\":\"https:\/\/seolab.digital\/en\/\"},{\"@type\":\"ListItem\",\"position\":2,\"name\":\"Terms and conditions\"}]},{\"@type\":\"WebSite\",\"@id\":\"https:\/\/seolab.digital\/#website\",\"url\":\"https:\/\/seolab.digital\/\",\"name\":\"SEO Lab\",\"description\":\"\",\"potentialAction\":[{\"@type\":\"SearchAction\",\"target\":{\"@type\":\"EntryPoint\",\"urlTemplate\":\"https:\/\/seolab.digital\/?s={search_term_string}\"},\"query-input\":{\"@type\":\"PropertyValueSpecification\",\"valueRequired\":true,\"valueName\":\"search_term_string\"}}],\"inLanguage\":\"en-US\"}]}<\/script>\n<!-- \/ Yoast SEO plugin. -->","yoast_head_json":{"title":"T\u00e9rminos y Condiciones - SEO Lab | Condiciones de Servicio","description":"Lee los t\u00e9rminos y condiciones de uso de SEO Lab. Pol\u00edticas de privacidad, propiedad intelectual, responsabilidades y legislaci\u00f3n aplicable.","robots":{"index":"index","follow":"follow","max-snippet":"max-snippet:-1","max-image-preview":"max-image-preview:large","max-video-preview":"max-video-preview:-1"},"canonical":"https:\/\/seolab.digital\/en\/terms-and-conditions\/","og_locale":"en_US","og_type":"article","og_title":"T\u00e9rminos y Condiciones - SEO Lab | Condiciones de Servicio","og_description":"Lee los t\u00e9rminos y condiciones de uso de SEO Lab. Pol\u00edticas de privacidad, propiedad intelectual, responsabilidades y legislaci\u00f3n aplicable.","og_url":"https:\/\/seolab.digital\/en\/terms-and-conditions\/","og_site_name":"SEO Lab","article_modified_time":"2026-01-29T10:42:25+00:00","twitter_card":"summary_large_image","twitter_misc":{"Est. reading time":"1 minute"},"schema":{"@context":"https:\/\/schema.org","@graph":[{"@type":"WebPage","@id":"https:\/\/seolab.digital\/en\/terms-and-conditions\/","url":"https:\/\/seolab.digital\/en\/terms-and-conditions\/","name":"T\u00e9rminos y Condiciones - SEO Lab | Condiciones de Servicio","isPartOf":{"@id":"https:\/\/seolab.digital\/#website"},"datePublished":"2025-07-03T08:22:28+00:00","dateModified":"2026-01-29T10:42:25+00:00","description":"Lee los t\u00e9rminos y condiciones de uso de SEO Lab. Pol\u00edticas de privacidad, propiedad intelectual, responsabilidades y legislaci\u00f3n aplicable.","breadcrumb":{"@id":"https:\/\/seolab.digital\/en\/terms-and-conditions\/#breadcrumb"},"inLanguage":"en-US","potentialAction":[{"@type":"ReadAction","target":["https:\/\/seolab.digital\/en\/terms-and-conditions\/"]}]},{"@type":"BreadcrumbList","@id":"https:\/\/seolab.digital\/en\/terms-and-conditions\/#breadcrumb","itemListElement":[{"@type":"ListItem","position":1,"name":"Home","item":"https:\/\/seolab.digital\/en\/"},{"@type":"ListItem","position":2,"name":"Terms and conditions"}]},{"@type":"WebSite","@id":"https:\/\/seolab.digital\/#website","url":"https:\/\/seolab.digital\/","name":"SEO Lab","description":"","potentialAction":[{"@type":"SearchAction","target":{"@type":"EntryPoint","urlTemplate":"https:\/\/seolab.digital\/?s={search_term_string}"},"query-input":{"@type":"PropertyValueSpecification","valueRequired":true,"valueName":"search_term_string"}}],"inLanguage":"en-US"}]}},"_links":{"self":[{"href":"https:\/\/seolab.digital\/en\/wp-json\/wp\/v2\/pages\/1381","targetHints":{"allow":["GET"]}}],"collection":[{"href":"https:\/\/seolab.digital\/en\/wp-json\/wp\/v2\/pages"}],"about":[{"href":"https:\/\/seolab.digital\/en\/wp-json\/wp\/v2\/types\/page"}],"author":[{"embeddable":true,"href":"https:\/\/seolab.digital\/en\/wp-json\/wp\/v2\/users\/1"}],"replies":[{"embeddable":true,"href":"https:\/\/seolab.digital\/en\/wp-json\/wp\/v2\/comments?post=1381"}],"version-history":[{"count":2,"href":"https:\/\/seolab.digital\/en\/wp-json\/wp\/v2\/pages\/1381\/revisions"}],"predecessor-version":[{"id":1384,"href":"https:\/\/seolab.digital\/en\/wp-json\/wp\/v2\/pages\/1381\/revisions\/1384"}],"wp:attachment":[{"href":"https:\/\/seolab.digital\/en\/wp-json\/wp\/v2\/media?parent=1381"}],"curies":[{"name":"wp","href":"https:\/\/api.w.org\/{rel}","templated":true}]}}